{"id":49,"date":"2023-11-13T16:43:40","date_gmt":"2023-11-13T15:43:40","guid":{"rendered":"https:\/\/section12conrs.info\/?page_id=49"},"modified":"2023-11-20T18:44:36","modified_gmt":"2023-11-20T17:44:36","slug":"attendus-mi-vagues","status":"publish","type":"page","link":"https:\/\/section12conrs.info\/index.php\/attendus-mi-vagues\/","title":{"rendered":"Attendus (mi)-vagues"},"content":{"rendered":"\n<h1 class=\"wp-block-heading\">Crit\u00e8res pour \u00e9valuation p\u00e9riodique&nbsp;<\/h1>\n\n\n\n<p><em><span style=\"text-decoration: underline;\">Remarques<\/span><\/em> : Les crit\u00e8res ci-dessous doivent permettre d\u2019\u00e9valuer l\u2019int\u00e9r\u00eat et l\u2019originalit\u00e9 des projets de recherche ainsi que la cr\u00e9ativit\u00e9 des chercheurs. L\u2019\u00e9valuation prendra \u00e9galement en compte tous les aspects du m\u00e9tier du chercheur. Les crit\u00e8res communs indiqu\u00e9s ci-dessous ne sont pas mentionn\u00e9s par ordre d\u2019importance. Il ne s\u2019agit pas de satisfaire \u00e0 tous les crit\u00e8res, c\u2019est l\u2019\u00e9valuation de l\u2019ensemble du dossier qui importe. Une pr\u00e9sentation claire et pr\u00e9cise de l\u2019activit\u00e9 du chercheur est donc essentielle.\u00a0\u00a0<\/p>\n\n\n\n<p>La section sera sensible \u00e0 la pr\u00e9sentation des conf\u00e9rences et communications. Elle recommande fortement de les num\u00e9roter et de les diff\u00e9rencier selon l\u2019ordre suivant :&nbsp;<\/p>\n\n\n\n<ul class=\"wp-block-list\">\n<li>Conf\u00e9rences invit\u00e9es dans des congr\u00e8s internationaux&nbsp;<\/li>\n\n\n\n<li>Conf\u00e9rences invit\u00e9es dans des congr\u00e8s nationaux&nbsp;<\/li>\n\n\n\n<li>S\u00e9minaires dans des universit\u00e9s (en France et \u00e0 l\u2019\u00e9tranger)&nbsp;<\/li>\n\n\n\n<li>S\u00e9minaires dans des centres de recherche priv\u00e9s (en France et \u00e0 l\u2019\u00e9tranger)&nbsp;<\/li>\n\n\n\n<li>Communications orales dans des congr\u00e8s (nom de l\u2019auteur soulign\u00e9)&nbsp;<\/li>\n\n\n\n<li>Communications par affiche dans des congr\u00e8s (nom de l\u2019auteur soulign\u00e9)&nbsp;<\/li>\n<\/ul>\n\n\n\n<p><strong>Crit\u00e8res communs \u00e0 tous les chercheurs&nbsp;<\/strong><\/p>\n\n\n\n<ul class=\"wp-block-list\">\n<li>Production scientifique : publications dans des revues \u00e0 comit\u00e9 de lecture, brevets, livres et chapitres d\u2019ouvrages&nbsp;<\/li>\n\n\n\n<li>Conf\u00e9rences dans des congr\u00e8s, s\u00e9minaires, communications orales, par affiche&nbsp;<\/li>\n\n\n\n<li>Encadrement de chercheurs et doctorants, animation scientifique&nbsp;<\/li>\n\n\n\n<li>Enseignement et diffusion de la culture scientifique&nbsp;<\/li>\n\n\n\n<li>Valorisation de la recherche<\/li>\n\n\n\n<li>Capacit\u00e9 \u00e0 r\u00e9pondre \u00e0 des appels \u00e0 projet\u00a0<\/li>\n<\/ul>\n\n\n\n<p><strong>Crit\u00e8res sp\u00e9cifiques selon les grades<\/strong><\/p>\n\n\n\n<p><strong><mark style=\"background-color:rgba(0, 0, 0, 0)\" class=\"has-inline-color has-blue-color\">Chercheurs CR CN\u00a0<\/mark><\/strong><\/p>\n\n\n\n<ul class=\"wp-block-list\">\n<li>Crit\u00e8res communs \u00e0 tous les chercheurs&nbsp;<\/li>\n\n\n\n<li>Capacit\u00e9 \u00e0 d\u00e9velopper un projet scientifique et \u00e0 encadrer des personnels&nbsp;<\/li>\n\n\n\n<li>Dynamisme scientifique&nbsp;<\/li>\n\n\n\n<li>Production scientifique de qualit\u00e9&nbsp;<\/li>\n\n\n\n<li>Visibilit\u00e9 (s\u00e9minaires, conf\u00e9rences)&nbsp;<\/li>\n\n\n\n<li>Participation au fonctionnement de l\u2019unit\u00e9 et\/ou \u00e0 des instances locales, nationales et internationales&nbsp;<\/li>\n<\/ul>\n\n\n\n<p><strong><mark style=\"background-color:rgba(0, 0, 0, 0)\" class=\"has-inline-color has-blue-color\">Chercheurs DR2\u00a0<\/mark><\/strong><\/p>\n\n\n\n<ul class=\"wp-block-list\">\n<li><strong>Crit\u00e8res CR CN\u00a0<\/strong><\/li>\n\n\n\n<li>Int\u00e9r\u00eat des r\u00e9sultats et des m\u00e9thodes d\u00e9velopp\u00e9es&nbsp;<\/li>\n\n\n\n<li>Production scientifique de qualit\u00e9&nbsp;<\/li>\n\n\n\n<li>Aptitude \u00e0 mener un projet de recherche et \u00e0 encadrer une \u00e9quipe&nbsp;<\/li>\n\n\n\n<li>Conception et coordination de projets originaux et de qualit\u00e9&nbsp;<\/li>\n\n\n\n<li>Visibilit\u00e9 nationale et internationale&nbsp;<\/li>\n\n\n\n<li>Valorisation de la recherche (brevets, licences\u2026)\u00a0<\/li>\n\n\n\n<li>Capacit\u00e9 \u00e0 r\u00e9pondre \u00e0 des appels \u00e0 projet\u00a0<\/li>\n\n\n\n<li>Direction ou co-direction de th\u00e8ses&nbsp;<\/li>\n\n\n\n<li>Responsabilit\u00e9s administratives, gestion de la recherche&nbsp;<\/li>\n<\/ul>\n\n\n\n<p><strong>Chercheurs DR1&nbsp;<\/strong><\/p>\n\n\n\n<ul class=\"wp-block-list\">\n<li><strong>Crit\u00e8res DR2\u00a0<\/strong><\/li>\n\n\n\n<li>Rayonnement international (conf\u00e9rences invit\u00e9es, organisation de manifestations scientifiques, s\u00e9jours dans des laboratoires \u00e0 l\u2019\u00e9tranger)&nbsp;<\/li>\n\n\n\n<li>Excellence de la production scientifique&nbsp;<\/li>\n\n\n\n<li>Coordination d\u2019\u00e9quipe&nbsp;<\/li>\n\n\n\n<li>Responsabilit\u00e9s nationales et internationales&nbsp;<\/li>\n\n\n\n<li>Encadrement de chercheurs et\/ou de personnels ITA&nbsp;<\/li>\n<\/ul>\n","protected":false},"excerpt":{"rendered":"<p>Crit\u00e8res pour \u00e9valuation p\u00e9riodique&nbsp; Remarques : Les crit\u00e8res ci-dessous doivent permettre d\u2019\u00e9valuer l\u2019int\u00e9r\u00eat et l\u2019originalit\u00e9 des projets de recherche ainsi que la cr\u00e9ativit\u00e9 des chercheurs. L\u2019\u00e9valuation prendra \u00e9galement en compte tous les aspects du m\u00e9tier du chercheur. Les crit\u00e8res communs &hellip; <a href=\"https:\/\/section12conrs.info\/index.php\/attendus-mi-vagues\/\">Continuer la lecture <span class=\"meta-nav\">&rarr;<\/span><\/a><\/p>\n","protected":false},"author":1,"featured_media":0,"parent":0,"menu_order":0,"comment_status":"closed","ping_status":"closed","template":"","meta":{"footnotes":""},"class_list":["post-49","page","type-page","status-publish","hentry"],"_links":{"self":[{"href":"https:\/\/section12conrs.info\/index.php\/wp-json\/wp\/v2\/pages\/49","targetHints":{"allow":["GET"]}}],"collection":[{"href":"https:\/\/section12conrs.info\/index.php\/wp-json\/wp\/v2\/pages"}],"about":[{"href":"https:\/\/section12conrs.info\/index.php\/wp-json\/wp\/v2\/types\/page"}],"author":[{"embeddable":true,"href":"https:\/\/section12conrs.info\/index.php\/wp-json\/wp\/v2\/users\/1"}],"replies":[{"embeddable":true,"href":"https:\/\/section12conrs.info\/index.php\/wp-json\/wp\/v2\/comments?post=49"}],"version-history":[{"count":2,"href":"https:\/\/section12conrs.info\/index.php\/wp-json\/wp\/v2\/pages\/49\/revisions"}],"predecessor-version":[{"id":116,"href":"https:\/\/section12conrs.info\/index.php\/wp-json\/wp\/v2\/pages\/49\/revisions\/116"}],"wp:attachment":[{"href":"https:\/\/section12conrs.info\/index.php\/wp-json\/wp\/v2\/media?parent=49"}],"curies":[{"name":"wp","href":"https:\/\/api.w.org\/{rel}","templated":true}]}}