{"id":322,"date":"2024-07-26T14:53:40","date_gmt":"2024-07-26T12:53:40","guid":{"rendered":"https:\/\/section12conrs.info\/?page_id=322"},"modified":"2024-10-29T16:57:21","modified_gmt":"2024-10-29T15:57:21","slug":"actualites","status":"publish","type":"page","link":"https:\/\/section12conrs.info\/index.php\/actualites\/","title":{"rendered":"Actualit\u00e9s"},"content":{"rendered":"\n<p><strong>News<\/strong> (<em>28\/10\/2024<\/em>)<\/p>\n\n\n\n<p>La direction g\u00e9n\u00e9rale du CNRS fait \u00e9voluer le contour des domaines d&rsquo;activit\u00e9 des sections, la Section 12 deviendra Section 14 en 2025. \u00ab&nbsp;<em>Tous les personnels des unit\u00e9s affili\u00e9es au CNRS seront appel\u00e9s \u00e0 choisir une section de vote. Ils vont recevoir un mail leur indiquant la proc\u00e9dure \u00e0 suivre. Cette op\u00e9ration qui vous prendra au maximum cinq minutes devra \u00eatre effectu\u00e9e avant le 8 d\u00e9cembre [2024] \u00e0 midi heure de Paris<\/em>&nbsp;\u00bb annonce Alain Schuhl (DGDS).&nbsp;<a href=\"https:\/\/www.cnrs.fr\/fr\/actualite\/evolution-des-perimetres-des-sections-du-comite-national-de-la-recherche-scientifique\" target=\"_blank\" rel=\"noreferrer noopener\">Lire l\u2019entretien ici<\/a>.<\/p>\n","protected":false},"excerpt":{"rendered":"<p>News (28\/10\/2024) La direction g\u00e9n\u00e9rale du CNRS fait \u00e9voluer le contour des domaines d&rsquo;activit\u00e9 des sections, la Section 12 deviendra Section 14 en 2025. \u00ab&nbsp;Tous les personnels des unit\u00e9s affili\u00e9es au CNRS seront appel\u00e9s \u00e0 choisir une section de vote. &hellip; <a href=\"https:\/\/section12conrs.info\/index.php\/actualites\/\">Continuer la lecture <span class=\"meta-nav\">&rarr;<\/span><\/a><\/p>\n","protected":false},"author":7,"featured_media":0,"parent":0,"menu_order":0,"comment_status":"closed","ping_status":"closed","template":"","meta":{"footnotes":""},"class_list":["post-322","page","type-page","status-publish","hentry"],"_links":{"self":[{"href":"https:\/\/section12conrs.info\/index.php\/wp-json\/wp\/v2\/pages\/322","targetHints":{"allow":["GET"]}}],"collection":[{"href":"https:\/\/section12conrs.info\/index.php\/wp-json\/wp\/v2\/pages"}],"about":[{"href":"https:\/\/section12conrs.info\/index.php\/wp-json\/wp\/v2\/types\/page"}],"author":[{"embeddable":true,"href":"https:\/\/section12conrs.info\/index.php\/wp-json\/wp\/v2\/users\/7"}],"replies":[{"embeddable":true,"href":"https:\/\/section12conrs.info\/index.php\/wp-json\/wp\/v2\/comments?post=322"}],"version-history":[{"count":2,"href":"https:\/\/section12conrs.info\/index.php\/wp-json\/wp\/v2\/pages\/322\/revisions"}],"predecessor-version":[{"id":347,"href":"https:\/\/section12conrs.info\/index.php\/wp-json\/wp\/v2\/pages\/322\/revisions\/347"}],"wp:attachment":[{"href":"https:\/\/section12conrs.info\/index.php\/wp-json\/wp\/v2\/media?parent=322"}],"curies":[{"name":"wp","href":"https:\/\/api.w.org\/{rel}","templated":true}]}}