{"id":13,"date":"2023-11-13T16:33:43","date_gmt":"2023-11-13T15:33:43","guid":{"rendered":"https:\/\/section12conrs.info\/?page_id=13"},"modified":"2024-10-29T16:56:25","modified_gmt":"2024-10-29T15:56:25","slug":"accueil","status":"publish","type":"page","link":"https:\/\/section12conrs.info\/","title":{"rendered":"Accueil"},"content":{"rendered":"\n<p>Nous vous souhaitons la bienvenue sur le site de la section 12 (Architectures mol\u00e9culaires : synth\u00e8ses, m\u00e9canismes et propri\u00e9t\u00e9s) du Comit\u00e9 National de la Recherche Scientifique <a href=\"https:\/\/www.cnrs.fr\/comitenational\/accueil.html\" target=\"_blank\" rel=\"noreferrer noopener\">CoNRS<\/a>.<\/p>\n\n\n\n<p>Ce site a pour but d\u2019informer la communaut\u00e9 des chercheurs et chercheuses, enseignantes-chercheuses et enseignants-chercheurs sur les travaux de la section&nbsp;: \u00e9valuation de l\u2019activit\u00e9 des chercheurs et chercheuses, \u00e9valuation du fonctionnement des unit\u00e9s de recherche qui d\u00e9pendent de CNRS Chimie, proposition pour les avancements de grades, les \u00e9m\u00e9ritats, les m\u00e9dailles de bronze et d\u2019argent, les RIPEC-C3, etc\u2026La section proc\u00e8de \u00e9galement \u00e0 l\u2019analyse de la conjoncture scientifique \u00e0 mi-mandat. Deux sessions pl\u00e9ni\u00e8res (printemps et automne) sont organis\u00e9es chaque ann\u00e9e. La section se constitue aussi en jurys d\u2019admissibilit\u00e9 pour le recrutement des chercheurs et des chercheuses et est repr\u00e9sent\u00e9e dans diff\u00e9rentes instances, en particulier dans les jurys d\u2019admission.<\/p>\n\n\n\n<p>La section est constitu\u00e9e de <a href=\"https:\/\/section12conrs.info\/index.php\/membres\/\" data-type=\"page\" data-id=\"15\" target=\"_blank\" rel=\"noreferrer noopener\">21 personnes<\/a>, \u00e9lues par la communaut\u00e9 ou nomm\u00e9es par la direction de CNRS Chimie pour la p\u00e9riode 2021-2025.<\/p>\n\n\n\n<p><\/p>\n\n\n\n<p><\/p>\n\n\n\n<blockquote class=\"wp-block-quote is-layout-flow wp-block-quote-is-layout-flow\">\n<p class=\"has-text-align-center\">Ce site est maintenu par les membres de la section, son contenu n\u2019engage ni la responsabilit\u00e9 du CoNRS ni celle du CNRS.<\/p>\n<\/blockquote>\n\n\n\n<p><\/p>\n","protected":false},"excerpt":{"rendered":"<p>Nous vous souhaitons la bienvenue sur le site de la section 12 (Architectures mol\u00e9culaires : synth\u00e8ses, m\u00e9canismes et propri\u00e9t\u00e9s) du Comit\u00e9 National de la Recherche Scientifique CoNRS. Ce site a pour but d\u2019informer la communaut\u00e9 des chercheurs et chercheuses, enseignantes-chercheuses &hellip; <a href=\"https:\/\/section12conrs.info\/\">Continuer la lecture <span class=\"meta-nav\">&rarr;<\/span><\/a><\/p>\n","protected":false},"author":1,"featured_media":0,"parent":0,"menu_order":0,"comment_status":"closed","ping_status":"closed","template":"","meta":{"footnotes":""},"class_list":["post-13","page","type-page","status-publish","hentry"],"_links":{"self":[{"href":"https:\/\/section12conrs.info\/index.php\/wp-json\/wp\/v2\/pages\/13","targetHints":{"allow":["GET"]}}],"collection":[{"href":"https:\/\/section12conrs.info\/index.php\/wp-json\/wp\/v2\/pages"}],"about":[{"href":"https:\/\/section12conrs.info\/index.php\/wp-json\/wp\/v2\/types\/page"}],"author":[{"embeddable":true,"href":"https:\/\/section12conrs.info\/index.php\/wp-json\/wp\/v2\/users\/1"}],"replies":[{"embeddable":true,"href":"https:\/\/section12conrs.info\/index.php\/wp-json\/wp\/v2\/comments?post=13"}],"version-history":[{"count":7,"href":"https:\/\/section12conrs.info\/index.php\/wp-json\/wp\/v2\/pages\/13\/revisions"}],"predecessor-version":[{"id":346,"href":"https:\/\/section12conrs.info\/index.php\/wp-json\/wp\/v2\/pages\/13\/revisions\/346"}],"wp:attachment":[{"href":"https:\/\/section12conrs.info\/index.php\/wp-json\/wp\/v2\/media?parent=13"}],"curies":[{"name":"wp","href":"https:\/\/api.w.org\/{rel}","templated":true}]}}