{"id":122,"date":"2023-12-07T16:59:48","date_gmt":"2023-12-07T15:59:48","guid":{"rendered":"https:\/\/section12conrs.info\/?page_id=122"},"modified":"2024-07-26T11:49:01","modified_gmt":"2024-07-26T09:49:01","slug":"rapport-de-conjoncture","status":"publish","type":"page","link":"https:\/\/section12conrs.info\/index.php\/rapport-de-conjoncture\/","title":{"rendered":"Rapport de conjoncture"},"content":{"rendered":"\n<p>La r\u00e9daction du rapport de conjoncture est une mission des sections du Comit\u00e9 National de la Recherche Scientifique (CoNRS). Ce document, d\u2019une quinzaine de pages par section, est attendu dans la troisi\u00e8me ann\u00e9e de la mandature et s\u2019appuie sur l\u2019examen de nombreux dossiers de chercheuses\/chercheurs et d\u2019unit\u00e9s. Ce rapport est un \u00e9l\u00e9ment sur lequel la direction du CNRS s\u2019appuie pour d\u00e9finir la politique scientifique. Une analyse des forces et faiblesses de la recherche fran\u00e7aise, l\u2019identification de th\u00e9matiques \u00e9mergeantes ou en retrait au niveau mondial, la nature et la dynamique des interfaces disciplinaires sont autant d\u2019\u00e9l\u00e9ments qui permettent aussi aux instituts de se projeter au niveau des modes d\u2019organisation, de structuration, de recrutements et de financements (existants et \u00e0 venir) de la recherche fran\u00e7aise.<\/p>\n\n\n\n<p>Dans l\u2019optique de pr\u00e9parer la r\u00e9daction du rapport de conjoncture 2021-2025, les sections 12\u201316 du CoNRS ont r\u00e9alis\u00e9 pour la premi\u00e8re fois une enqu\u00eate aupr\u00e8s de la communaut\u00e9 scientifique concern\u00e9e, bas\u00e9e sur un questionnaire en ligne de 48 questions regroup\u00e9es en 6 cat\u00e9gories. Pr\u00e8s de 1400 r\u00e9ponses ont \u00e9t\u00e9 re\u00e7ues par les sections 12-16. Pour les personnels rattach\u00e9s aux th\u00e9matiques de la section 12, ce sont 167 chercheuses et chercheurs (sur 248, 67%), 101 enseignantes-chercheuses et enseignants-chercheurs ainsi que 26 ITA\/BIATSS qui ont r\u00e9pondu au questionnaire. L\u2019analyse de ces donn\u00e9es est pr\u00e9sent\u00e9e dans les rapports de conjoncture de chaque section (documents \u00e0 venir sur le site du CoNRS).<\/p>\n\n\n<style>.wp-block-kadence-advancedbtn.kb-btns122_79d1ab-ca{gap:var(--global-kb-gap-xs, 0.5rem );justify-content:center;align-items:center;}.kt-btns122_79d1ab-ca .kt-button{font-weight:normal;font-style:normal;}.kt-btns122_79d1ab-ca .kt-btn-wrap-0{margin-right:5px;}.wp-block-kadence-advancedbtn.kt-btns122_79d1ab-ca .kt-btn-wrap-0 .kt-button{color:#555555;border-color:#555555;}.wp-block-kadence-advancedbtn.kt-btns122_79d1ab-ca .kt-btn-wrap-0 .kt-button:hover, .wp-block-kadence-advancedbtn.kt-btns122_79d1ab-ca .kt-btn-wrap-0 .kt-button:focus{color:#ffffff;border-color:#444444;}.wp-block-kadence-advancedbtn.kt-btns122_79d1ab-ca .kt-btn-wrap-0 .kt-button::before{display:none;}.wp-block-kadence-advancedbtn.kt-btns122_79d1ab-ca .kt-btn-wrap-0 .kt-button:hover, .wp-block-kadence-advancedbtn.kt-btns122_79d1ab-ca .kt-btn-wrap-0 .kt-button:focus{background:#444444;}<\/style>\n<div class=\"wp-block-kadence-advancedbtn kb-buttons-wrap kb-btns122_79d1ab-ca\"><style>ul.menu .wp-block-kadence-advancedbtn .kb-btn122_34a877-35.kb-button{width:initial;}.wp-block-kadence-advancedbtn .kb-btn122_34a877-35.kb-button{color:#fff;background:#373737;border-top-left-radius:6px;border-top-right-radius:6px;border-bottom-right-radius:6px;border-bottom-left-radius:6px;border-top:2px solid #373737;border-right:2px solid #373737;border-bottom:2px solid #373737;border-left:2px solid #373737;margin-bottom:var(--global-kb-spacing-xs, 1rem);}.wp-block-kadence-advancedbtn .kb-btn122_34a877-35.kb-button:hover, .wp-block-kadence-advancedbtn .kb-btn122_34a877-35.kb-button:focus{background:#666;border-top-left-radius:6px;border-top-right-radius:6px;border-bottom-right-radius:6px;border-bottom-left-radius:6px;border-top:2px solid #666;border-right:2px solid #666;border-bottom:2px solid #666;border-left:2px solid #666;}@media all and (max-width: 1024px){.wp-block-kadence-advancedbtn .kb-btn122_34a877-35.kb-button{border-top:2px solid #373737;border-right:2px solid #373737;border-bottom:2px solid #373737;border-left:2px solid #373737;}}@media all and (max-width: 1024px){.wp-block-kadence-advancedbtn .kb-btn122_34a877-35.kb-button:hover, .wp-block-kadence-advancedbtn .kb-btn122_34a877-35.kb-button:focus{border-top:2px solid #666;border-right:2px solid #666;border-bottom:2px solid #666;border-left:2px solid #666;}}@media all and (max-width: 767px){.wp-block-kadence-advancedbtn .kb-btn122_34a877-35.kb-button{border-top:2px solid #373737;border-right:2px solid #373737;border-bottom:2px solid #373737;border-left:2px solid #373737;}.wp-block-kadence-advancedbtn .kb-btn122_34a877-35.kb-button:hover, .wp-block-kadence-advancedbtn .kb-btn122_34a877-35.kb-button:focus{border-top:2px solid #666;border-right:2px solid #666;border-bottom:2px solid #666;border-left:2px solid #666;}}<\/style><a class=\"kb-button kt-button button kb-btn122_34a877-35 kt-btn-size-standard kt-btn-width-type-auto kb-btn-global-fill  kt-btn-has-text-true kt-btn-has-svg-false  wp-block-kadence-singlebtn\" href=\"https:\/\/section12conrs.info\/wp-content\/uploads\/2024\/07\/Enquetes-Rapport-de-conjoncture-2019-2024.pdf\" download=\"\" target=\"_blank\" rel=\"noreferrer noopener\"><span class=\"kt-btn-inner-text\">\u21e3 Consulter le questionnaire 2024 en version PDF \u21e3<\/span><\/a><\/div>\n\n\n\n<p><\/p>\n\n\n\n<p>Consulter les rapports de conjoncture depuis 1989 sur le site du <a href=\"https:\/\/rapports-du-comite-national.cnrs.fr\/rapports-de-conjoncture\/\" target=\"_blank\" rel=\"noreferrer noopener\">CoNRS<\/a><\/p>\n\n\n\n<p><\/p>\n\n\n\n<p><\/p>\n\n\n\n<p><\/p>\n\n\n\n<p><\/p>\n\n\n\n<p><\/p>\n\n\n\n<p><\/p>\n\n\n\n<p><\/p>\n\n\n\n<p><\/p>\n\n\n\n<p><\/p>\n","protected":false},"excerpt":{"rendered":"<p>La r\u00e9daction du rapport de conjoncture est une mission des sections du Comit\u00e9 National de la Recherche Scientifique (CoNRS). Ce document, d\u2019une quinzaine de pages par section, est attendu dans la troisi\u00e8me ann\u00e9e de la mandature et s\u2019appuie sur l\u2019examen &hellip; <a href=\"https:\/\/section12conrs.info\/index.php\/rapport-de-conjoncture\/\">Continuer la lecture <span class=\"meta-nav\">&rarr;<\/span><\/a><\/p>\n","protected":false},"author":2,"featured_media":0,"parent":0,"menu_order":0,"comment_status":"closed","ping_status":"closed","template":"","meta":{"footnotes":""},"class_list":["post-122","page","type-page","status-publish","hentry"],"_links":{"self":[{"href":"https:\/\/section12conrs.info\/index.php\/wp-json\/wp\/v2\/pages\/122","targetHints":{"allow":["GET"]}}],"collection":[{"href":"https:\/\/section12conrs.info\/index.php\/wp-json\/wp\/v2\/pages"}],"about":[{"href":"https:\/\/section12conrs.info\/index.php\/wp-json\/wp\/v2\/types\/page"}],"author":[{"embeddable":true,"href":"https:\/\/section12conrs.info\/index.php\/wp-json\/wp\/v2\/users\/2"}],"replies":[{"embeddable":true,"href":"https:\/\/section12conrs.info\/index.php\/wp-json\/wp\/v2\/comments?post=122"}],"version-history":[{"count":5,"href":"https:\/\/section12conrs.info\/index.php\/wp-json\/wp\/v2\/pages\/122\/revisions"}],"predecessor-version":[{"id":303,"href":"https:\/\/section12conrs.info\/index.php\/wp-json\/wp\/v2\/pages\/122\/revisions\/303"}],"wp:attachment":[{"href":"https:\/\/section12conrs.info\/index.php\/wp-json\/wp\/v2\/media?parent=122"}],"curies":[{"name":"wp","href":"https:\/\/api.w.org\/{rel}","templated":true}]}}